{"id":1484,"date":"2026-03-14T08:49:24","date_gmt":"2026-03-14T08:49:24","guid":{"rendered":"https:\/\/knjigovodstvosanna.com\/?page_id=1484"},"modified":"2026-03-14T08:49:25","modified_gmt":"2026-03-14T08:49:25","slug":"priprema-i-podnosenje-finansijskih-izvestaja","status":"publish","type":"page","link":"https:\/\/knjigovodstvosanna.com\/index.php\/priprema-i-podnosenje-finansijskih-izvestaja\/","title":{"rendered":"PRIPREMA I PODNO\u0160ENJE FINANSIJSKIH IZVE\u0160TAJA"},"content":{"rendered":"\n<div class=\"wp-block-uagb-container uagb-block-44b542cd alignfull uagb-is-root-container\"><div class=\"uagb-container-inner-blocks-wrap\">\n<div class=\"wp-block-uagb-info-box uagb-block-380bbde8 uagb-infobox__content-wrap  uagb-infobox-icon-above-title uagb-infobox-image-valign-top\"><div class=\"uagb-ifb-content\"><div class=\"uagb-ifb-title-wrap\"><h1 class=\"uagb-ifb-title\"><strong><strong><strong><strong>PRIPREMA I PODNO\u0160ENJE FINANSIJSKIH IZVE\u0160TAJA<\/strong><\/strong><\/strong><\/strong><\/h1><\/div><\/div><\/div>\n<\/div><\/div>\n\n\n\n<div class=\"wp-block-uagb-container uagb-block-nqunadph alignfull uagb-is-root-container\"><div class=\"uagb-container-inner-blocks-wrap\">\n<div class=\"wp-block-uagb-info-box uagb-block-j6hladml uagb-infobox__content-wrap  uagb-infobox-icon-above-title uagb-infobox-image-valign-top\"><div class=\"uagb-ifb-content\"><div class=\"uagb-ifb-title-wrap\"><h2 class=\"uagb-ifb-title\"><strong><strong><strong><strong><strong>Finansijski izve\u0161taji &#8211; ta\u010dno, blagovremeno, uskla\u0111eno<\/strong><\/strong><\/strong><\/strong><\/strong><\/h2><\/div><p class=\"uagb-ifb-desc\"><strong>Godi\u0161nji, tromese\u010dni ili vanredni izve\u0161taji &#8211; mi sve radimo za vas<\/strong><\/p><\/div><\/div>\n\n\n\n<div class=\"wp-block-uagb-container uagb-block-egsalmnb\">\n<div class=\"wp-block-uagb-info-box uagb-block-orwzjlcs uagb-infobox__content-wrap  uagb-infobox-icon-above-title uagb-infobox-image-valign-top\"><div class=\"uagb-ifb-content\"><div class=\"uagb-ifb-title-wrap\"><\/div><p class=\"uagb-ifb-desc\">Finansijski izve\u0161taji nisu samo obaveza prema dr\u017eavi \u2013 oni su ogledalo va\u0161eg poslovanja. Precizno sastavljeni izve\u0161taji obezbe\u0111uju transparentnost, olak\u0161avaju odlu\u010divanje i grade poverenje kod banaka, investitora i poslovnih partnera.<\/p><\/div><\/div>\n\n\n\n<div class=\"wp-block-uagb-info-box uagb-block-0owkfvv5 uagb-infobox__content-wrap  uagb-infobox-icon-above-title uagb-infobox-image-valign-top\"><div class=\"uagb-ifb-content\"><div class=\"uagb-ifb-title-wrap\"><\/div><p class=\"uagb-ifb-desc\"><strong>Na\u0161a usluga obuhvata:<\/strong><br><strong>Redovni finansijski izve\u0161taji:<\/strong><br><strong>Godi\u0161nji finansijski izve\u0161taj<\/strong> &#8211; Bilans stanja, bilans uspeha, izve\u0161taj o ostalom rezultatu, izve\u0161taj o promenama na kapitalu, izve\u0161taj o tokovima gotovine<br><strong>Tromese\u010dni izve\u0161taji<\/strong> &#8211; Za banke, fondove i osiguranja<br><strong>Mese\u010dni izve\u0161taji<\/strong> &#8211; Za interne potrebe i pra\u0107enje poslovanja<br><strong>Poreski izve\u0161taji:<\/strong><br><strong>Obrazac PDP (Poreska prijava poreza na dobit)<\/strong><br><strong>Obrazac PB-1 (Poreski bilans)<\/strong><br><strong>PDV prijave<\/strong> &#8211; Mese\u010dne i tromese\u010dne<br><strong>Obrazac PPP-PD (Porezi i doprinosi)<\/strong><br><strong>Dodatna dokumentacija:<\/strong><br><strong>Izve\u0161taj o transfernim cenama<\/strong> \u2013 Obavezno za kontrolisane transakcije<br><strong>Napomene uz finansijske izve\u0161taje<\/strong> &#8211; Detaljno obrazlo\u017eenje pozicija finansijskih izve\u0161taja<br><strong>Izve\u0161taji za statisti\u010dke potrebe<\/strong> &#8211; Prema zahtevima RZS<\/p><\/div><\/div>\n<\/div>\n<\/div><\/div>\n\n\n\n<div class=\"wp-block-uagb-info-box uagb-block-yme7cocb uagb-infobox__content-wrap  uagb-infobox-icon-above-title uagb-infobox-image-valign-top wp-block-uagb-info-box--has-margin\"><div class=\"uagb-infobox-margin-wrapper\"><div class=\"uagb-ifb-content\"><div class=\"uagb-ifb-title-wrap\"><h2 class=\"uagb-ifb-title\"><strong><strong><strong>Za\u0161to je va\u017ena preciznost?<\/strong><\/strong><\/strong><\/h2><\/div><p class=\"uagb-ifb-desc\">Gre\u0161ke u finansijskim izve\u0161tajima mogu dovesti do kazni, dodatnih poreza i ponovljenih kontrola. Mi osiguravamo potpunu uskla\u0111enost sa ra\u010dunovodstvenim standardima i poreskim propisima, kako bi va\u0161i izve\u0161taji bili prihva\u0107eni bez primedbi.<br><br><strong>Rokovi i podno\u0161enje:<\/strong><br>Pratimo sve zakonske rokove i podno\u0161enje obavljamo blagovremeno. Vi dobijate kopiju svih izve\u0161taja, kao i potvrdu o podno\u0161enju.<\/p><\/div><\/div><\/div>\n\n\n\n<div class=\"wp-block-uagb-buttons uagb-buttons__outer-wrap uagb-btn__default-btn uagb-btn-tablet__default-btn uagb-btn-mobile__default-btn uagb-block-otcjmjfg\"><div class=\"uagb-buttons__wrap uagb-buttons-layout-wrap \">\n<div class=\"wp-block-uagb-buttons-child uagb-buttons__outer-wrap uagb-block-qdl9cmve wp-block-button\"><div class=\"uagb-button__wrapper\"><a class=\"uagb-buttons-repeater wp-block-button__link\" aria-label=\"\" href=\"#\" rel=\"follow noopener\" target=\"_self\" role=\"button\"><div class=\"uagb-button__link\">Prepustite nam izve\u0161taje, vi se fokusirajte na rast<\/div><\/a><\/div><\/div>\n<\/div><\/div>\n","protected":false},"excerpt":{"rendered":"","protected":false},"author":1,"featured_media":0,"parent":0,"menu_order":0,"comment_status":"closed","ping_status":"closed","template":"","meta":{"_uag_custom_page_level_css":"","_monsterinsights_skip_tracking":false,"_monsterinsights_sitenote_active":false,"_monsterinsights_sitenote_note":"","_monsterinsights_sitenote_category":0,"site-sidebar-layout":"default","site-content-layout":"","ast-site-content-layout":"default","site-content-style":"default","site-sidebar-style":"default","ast-global-header-display":"","ast-banner-title-visibility":"","ast-main-header-display":"","ast-hfb-above-header-display":"","ast-hfb-below-header-display":"","ast-hfb-mobile-header-display":"","site-post-title":"disabled","ast-breadcrumbs-content":"","ast-featured-img":"","footer-sml-layout":"","theme-transparent-header-meta":"","adv-header-id-meta":"","stick-header-meta":"","header-above-stick-meta":"","header-main-stick-meta":"","header-below-stick-meta":"","astra-migrate-meta-layouts":"set","ast-page-background-enabled":"default","ast-page-background-meta":{"desktop":{"background-color":"var(--ast-global-color-4)","background-image":"","background-repeat":"repeat","background-position":"center center","background-size":"auto","background-attachment":"scroll","background-type":"","background-media":"","overlay-type":"","overlay-color":"","overlay-opacity":"","overlay-gradient":""},"tablet":{"background-color":"","background-image":"","background-repeat":"repeat","background-position":"center center","background-size":"auto","background-attachment":"scroll","background-type":"","background-media":"","overlay-type":"","overlay-color":"","overlay-opacity":"","overlay-gradient":""},"mobile":{"background-color":"","background-image":"","background-repeat":"repeat","background-position":"center center","background-size":"auto","background-attachment":"scroll","background-type":"","background-media":"","overlay-type":"","overlay-color":"","overlay-opacity":"","overlay-gradient":""}},"ast-content-background-meta":{"desktop":{"background-color":"var(--ast-global-color-5)","background-image":"","background-repeat":"repeat","background-position":"center center","background-size":"auto","background-attachment":"scroll","background-type":"","background-media":"","overlay-type":"","overlay-color":"","overlay-opacity":"","overlay-gradient":""},"tablet":{"background-color":"var(--ast-global-color-5)","background-image":"","background-repeat":"repeat","background-position":"center center","background-size":"auto","background-attachment":"scroll","background-type":"","background-media":"","overlay-type":"","overlay-color":"","overlay-opacity":"","overlay-gradient":""},"mobile":{"background-color":"var(--ast-global-color-5)","background-image":"","background-repeat":"repeat","background-position":"center center","background-size":"auto","background-attachment":"scroll","background-type":"","background-media":"","overlay-type":"","overlay-color":"","overlay-opacity":"","overlay-gradient":""}},"footnotes":""},"class_list":["post-1484","page","type-page","status-publish","hentry"],"yoast_head":"<!-- This site is optimized with the Yoast SEO plugin v26.0 - https:\/\/yoast.com\/wordpress\/plugins\/seo\/ -->\n<title>PRIPREMA I PODNO\u0160ENJE FINANSIJSKIH IZVE\u0160TAJA | Privredno dru\u0161tvo SANNA<\/title>\n<meta name=\"robots\" content=\"index, follow, max-snippet:-1, max-image-preview:large, max-video-preview:-1\" \/>\n<link rel=\"canonical\" href=\"https:\/\/knjigovodstvosanna.com\/index.php\/priprema-i-podnosenje-finansijskih-izvestaja\/\" \/>\n<meta property=\"og:locale\" content=\"en_US\" \/>\n<meta property=\"og:type\" content=\"article\" \/>\n<meta property=\"og:title\" content=\"PRIPREMA I PODNO\u0160ENJE FINANSIJSKIH IZVE\u0160TAJA | Privredno dru\u0161tvo SANNA\" \/>\n<meta property=\"og:url\" content=\"https:\/\/knjigovodstvosanna.com\/index.php\/priprema-i-podnosenje-finansijskih-izvestaja\/\" \/>\n<meta property=\"og:site_name\" content=\"Privredno dru\u0161tvo SANNA\" \/>\n<meta property=\"article:modified_time\" content=\"2026-03-14T08:49:25+00:00\" \/>\n<meta name=\"twitter:card\" content=\"summary_large_image\" \/>\n<meta name=\"twitter:label1\" content=\"Est. reading time\" \/>\n\t<meta name=\"twitter:data1\" content=\"1 minute\" \/>\n<script type=\"application\/ld+json\" class=\"yoast-schema-graph\">{\"@context\":\"https:\/\/schema.org\",\"@graph\":[{\"@type\":\"WebPage\",\"@id\":\"https:\/\/knjigovodstvosanna.com\/index.php\/priprema-i-podnosenje-finansijskih-izvestaja\/\",\"url\":\"https:\/\/knjigovodstvosanna.com\/index.php\/priprema-i-podnosenje-finansijskih-izvestaja\/\",\"name\":\"PRIPREMA I PODNO\u0160ENJE FINANSIJSKIH IZVE\u0160TAJA | Privredno dru\u0161tvo SANNA\",\"isPartOf\":{\"@id\":\"https:\/\/knjigovodstvosanna.com\/#website\"},\"datePublished\":\"2026-03-14T08:49:24+00:00\",\"dateModified\":\"2026-03-14T08:49:25+00:00\",\"breadcrumb\":{\"@id\":\"https:\/\/knjigovodstvosanna.com\/index.php\/priprema-i-podnosenje-finansijskih-izvestaja\/#breadcrumb\"},\"inLanguage\":\"en-US\",\"potentialAction\":[{\"@type\":\"ReadAction\",\"target\":[\"https:\/\/knjigovodstvosanna.com\/index.php\/priprema-i-podnosenje-finansijskih-izvestaja\/\"]}]},{\"@type\":\"BreadcrumbList\",\"@id\":\"https:\/\/knjigovodstvosanna.com\/index.php\/priprema-i-podnosenje-finansijskih-izvestaja\/#breadcrumb\",\"itemListElement\":[{\"@type\":\"ListItem\",\"position\":1,\"name\":\"Home\",\"item\":\"https:\/\/knjigovodstvosanna.com\/\"},{\"@type\":\"ListItem\",\"position\":2,\"name\":\"PRIPREMA I PODNO\u0160ENJE FINANSIJSKIH IZVE\u0160TAJA\"}]},{\"@type\":\"WebSite\",\"@id\":\"https:\/\/knjigovodstvosanna.com\/#website\",\"url\":\"https:\/\/knjigovodstvosanna.com\/\",\"name\":\"Privredno dru\u0161tvo SANNA\",\"description\":\"Pouzdan i iskren partner u va\u0161em poslovanju\",\"publisher\":{\"@id\":\"https:\/\/knjigovodstvosanna.com\/#organization\"},\"alternateName\":\"Knjigovodstvo SANNA NI\u0161\",\"potentialAction\":[{\"@type\":\"SearchAction\",\"target\":{\"@type\":\"EntryPoint\",\"urlTemplate\":\"https:\/\/knjigovodstvosanna.com\/?s={search_term_string}\"},\"query-input\":{\"@type\":\"PropertyValueSpecification\",\"valueRequired\":true,\"valueName\":\"search_term_string\"}}],\"inLanguage\":\"en-US\"},{\"@type\":\"Organization\",\"@id\":\"https:\/\/knjigovodstvosanna.com\/#organization\",\"name\":\"Privredno dru\u0161tvo SANNA\",\"alternateName\":\"Knjigovodstvo SANNA NI\u0161\",\"url\":\"https:\/\/knjigovodstvosanna.com\/\",\"logo\":{\"@type\":\"ImageObject\",\"inLanguage\":\"en-US\",\"@id\":\"https:\/\/knjigovodstvosanna.com\/#\/schema\/logo\/image\/\",\"url\":\"https:\/\/knjigovodstvosanna.com\/wp-content\/uploads\/2022\/10\/222-1-scaled.png\",\"contentUrl\":\"https:\/\/knjigovodstvosanna.com\/wp-content\/uploads\/2022\/10\/222-1-scaled.png\",\"width\":2560,\"height\":1440,\"caption\":\"Privredno dru\u0161tvo SANNA\"},\"image\":{\"@id\":\"https:\/\/knjigovodstvosanna.com\/#\/schema\/logo\/image\/\"}}]}<\/script>\n<!-- \/ Yoast SEO plugin. -->","yoast_head_json":{"title":"PRIPREMA I PODNO\u0160ENJE FINANSIJSKIH IZVE\u0160TAJA | Privredno dru\u0161tvo SANNA","robots":{"index":"index","follow":"follow","max-snippet":"max-snippet:-1","max-image-preview":"max-image-preview:large","max-video-preview":"max-video-preview:-1"},"canonical":"https:\/\/knjigovodstvosanna.com\/index.php\/priprema-i-podnosenje-finansijskih-izvestaja\/","og_locale":"en_US","og_type":"article","og_title":"PRIPREMA I PODNO\u0160ENJE FINANSIJSKIH IZVE\u0160TAJA | Privredno dru\u0161tvo SANNA","og_url":"https:\/\/knjigovodstvosanna.com\/index.php\/priprema-i-podnosenje-finansijskih-izvestaja\/","og_site_name":"Privredno dru\u0161tvo SANNA","article_modified_time":"2026-03-14T08:49:25+00:00","twitter_card":"summary_large_image","twitter_misc":{"Est. reading time":"1 minute"},"schema":{"@context":"https:\/\/schema.org","@graph":[{"@type":"WebPage","@id":"https:\/\/knjigovodstvosanna.com\/index.php\/priprema-i-podnosenje-finansijskih-izvestaja\/","url":"https:\/\/knjigovodstvosanna.com\/index.php\/priprema-i-podnosenje-finansijskih-izvestaja\/","name":"PRIPREMA I PODNO\u0160ENJE FINANSIJSKIH IZVE\u0160TAJA | Privredno dru\u0161tvo SANNA","isPartOf":{"@id":"https:\/\/knjigovodstvosanna.com\/#website"},"datePublished":"2026-03-14T08:49:24+00:00","dateModified":"2026-03-14T08:49:25+00:00","breadcrumb":{"@id":"https:\/\/knjigovodstvosanna.com\/index.php\/priprema-i-podnosenje-finansijskih-izvestaja\/#breadcrumb"},"inLanguage":"en-US","potentialAction":[{"@type":"ReadAction","target":["https:\/\/knjigovodstvosanna.com\/index.php\/priprema-i-podnosenje-finansijskih-izvestaja\/"]}]},{"@type":"BreadcrumbList","@id":"https:\/\/knjigovodstvosanna.com\/index.php\/priprema-i-podnosenje-finansijskih-izvestaja\/#breadcrumb","itemListElement":[{"@type":"ListItem","position":1,"name":"Home","item":"https:\/\/knjigovodstvosanna.com\/"},{"@type":"ListItem","position":2,"name":"PRIPREMA I PODNO\u0160ENJE FINANSIJSKIH IZVE\u0160TAJA"}]},{"@type":"WebSite","@id":"https:\/\/knjigovodstvosanna.com\/#website","url":"https:\/\/knjigovodstvosanna.com\/","name":"Privredno dru\u0161tvo SANNA","description":"Pouzdan i iskren partner u va\u0161em poslovanju","publisher":{"@id":"https:\/\/knjigovodstvosanna.com\/#organization"},"alternateName":"Knjigovodstvo SANNA NI\u0161","potentialAction":[{"@type":"SearchAction","target":{"@type":"EntryPoint","urlTemplate":"https:\/\/knjigovodstvosanna.com\/?s={search_term_string}"},"query-input":{"@type":"PropertyValueSpecification","valueRequired":true,"valueName":"search_term_string"}}],"inLanguage":"en-US"},{"@type":"Organization","@id":"https:\/\/knjigovodstvosanna.com\/#organization","name":"Privredno dru\u0161tvo SANNA","alternateName":"Knjigovodstvo SANNA NI\u0161","url":"https:\/\/knjigovodstvosanna.com\/","logo":{"@type":"ImageObject","inLanguage":"en-US","@id":"https:\/\/knjigovodstvosanna.com\/#\/schema\/logo\/image\/","url":"https:\/\/knjigovodstvosanna.com\/wp-content\/uploads\/2022\/10\/222-1-scaled.png","contentUrl":"https:\/\/knjigovodstvosanna.com\/wp-content\/uploads\/2022\/10\/222-1-scaled.png","width":2560,"height":1440,"caption":"Privredno dru\u0161tvo SANNA"},"image":{"@id":"https:\/\/knjigovodstvosanna.com\/#\/schema\/logo\/image\/"}}]}},"uagb_featured_image_src":{"full":false,"thumbnail":false,"medium":false,"medium_large":false,"large":false,"1536x1536":false,"2048x2048":false},"uagb_author_info":{"display_name":"knjigovodstvosanna","author_link":"https:\/\/knjigovodstvosanna.com\/index.php\/author\/knjigovodstvosanna\/"},"uagb_comment_info":0,"uagb_excerpt":null,"_links":{"self":[{"href":"https:\/\/knjigovodstvosanna.com\/index.php\/wp-json\/wp\/v2\/pages\/1484","targetHints":{"allow":["GET"]}}],"collection":[{"href":"https:\/\/knjigovodstvosanna.com\/index.php\/wp-json\/wp\/v2\/pages"}],"about":[{"href":"https:\/\/knjigovodstvosanna.com\/index.php\/wp-json\/wp\/v2\/types\/page"}],"author":[{"embeddable":true,"href":"https:\/\/knjigovodstvosanna.com\/index.php\/wp-json\/wp\/v2\/users\/1"}],"replies":[{"embeddable":true,"href":"https:\/\/knjigovodstvosanna.com\/index.php\/wp-json\/wp\/v2\/comments?post=1484"}],"version-history":[{"count":1,"href":"https:\/\/knjigovodstvosanna.com\/index.php\/wp-json\/wp\/v2\/pages\/1484\/revisions"}],"predecessor-version":[{"id":1485,"href":"https:\/\/knjigovodstvosanna.com\/index.php\/wp-json\/wp\/v2\/pages\/1484\/revisions\/1485"}],"wp:attachment":[{"href":"https:\/\/knjigovodstvosanna.com\/index.php\/wp-json\/wp\/v2\/media?parent=1484"}],"curies":[{"name":"wp","href":"https:\/\/api.w.org\/{rel}","templated":true}]}}